{"id":11605,"date":"2018-10-26T12:04:17","date_gmt":"2018-10-26T12:04:17","guid":{"rendered":"https:\/\/megamoolahslot.org\/?page_id=11605"},"modified":"2018-10-26T17:09:58","modified_gmt":"2018-10-26T17:09:58","slug":"faq","status":"publish","type":"page","link":"https:\/\/megamoolahslot.org\/pt-br\/perguntas-frequentes","title":{"rendered":"Perguntas frequentes"},"content":{"rendered":"<div data-elementor-type=\"wp-post\" data-elementor-id=\"11605\" class=\"elementor elementor-11605 elementor-bc-flex-widget\">\n\t\t\t\t\t\t<section class=\"elementor-section elementor-top-section elementor-element elementor-element-1d601995 elementor-section-stretched elementor-section-height-min-height elementor-section-boxed elementor-section-height-default elementor-section-items-middle\" data-id=\"1d601995\" data-element_type=\"section\" data-e-type=\"section\" data-settings=\"{&quot;stretch_section&quot;:&quot;section-stretched&quot;,&quot;background_background&quot;:&quot;classic&quot;,&quot;shape_divider_bottom&quot;:&quot;triangle&quot;,&quot;shape_divider_bottom_negative&quot;:&quot;yes&quot;}\">\n\t\t\t\t\t\t\t<div class=\"elementor-background-overlay\"><\/div>\n\t\t\t\t\t\t<div class=\"elementor-shape elementor-shape-bottom\" aria-hidden=\"true\" data-negative=\"true\">\n\t\t\t<svg xmlns=\"http:\/\/www.w3.org\/2000\/svg\" viewbox=\"0 0 1000 100\" preserveaspectratio=\"none\">\n\t<path class=\"elementor-shape-fill\" d=\"M500.2,94.7L0,0v100h1000V0L500.2,94.7z\"\/>\n<\/svg>\t\t<\/div>\n\t\t\t\t\t<div class=\"elementor-container elementor-column-gap-default\">\n\t\t\t\t\t<div class=\"elementor-column elementor-col-100 elementor-top-column elementor-element elementor-element-64eb11f\" data-id=\"64eb11f\" data-element_type=\"column\" data-e-type=\"column\">\n\t\t\t<div class=\"elementor-widget-wrap elementor-element-populated\">\n\t\t\t\t\t\t<div class=\"elementor-element elementor-element-37176b03 elementor-widget elementor-widget-heading\" data-id=\"37176b03\" data-element_type=\"widget\" data-e-type=\"widget\" data-widget_type=\"heading.default\">\n\t\t\t\t<div class=\"elementor-widget-container\">\n\t\t\t\t\t<h2 class=\"elementor-heading-title elementor-size-default\">Perguntas frequentes<\/h2>\t\t\t\t<\/div>\n\t\t\t\t<\/div>\n\t\t\t\t<div class=\"elementor-element elementor-element-49906b84 elementor-widget elementor-widget-heading\" data-id=\"49906b84\" data-element_type=\"widget\" data-e-type=\"widget\" data-widget_type=\"heading.default\">\n\t\t\t\t<div class=\"elementor-widget-container\">\n\t\t\t\t\t<h2 class=\"elementor-heading-title elementor-size-default\">Perguntas frequentes<\/h2>\t\t\t\t<\/div>\n\t\t\t\t<\/div>\n\t\t\t\t\t<\/div>\n\t\t<\/div>\n\t\t\t\t\t<\/div>\n\t\t<\/section>\n\t\t\t\t<section class=\"elementor-section elementor-top-section elementor-element elementor-element-53a9278b elementor-section-full_width elementor-section-height-default elementor-section-height-default\" data-id=\"53a9278b\" data-element_type=\"section\" data-e-type=\"section\">\n\t\t\t\t\t\t<div class=\"elementor-container elementor-column-gap-extended\">\n\t\t\t\t\t<div class=\"elementor-column elementor-col-100 elementor-top-column elementor-element elementor-element-11ce83c4\" data-id=\"11ce83c4\" data-element_type=\"column\" data-e-type=\"column\">\n\t\t\t<div class=\"elementor-widget-wrap elementor-element-populated\">\n\t\t\t\t\t\t<div class=\"elementor-element elementor-element-5a2408d7 elementor-widget elementor-widget-spacer\" data-id=\"5a2408d7\" data-element_type=\"widget\" data-e-type=\"widget\" data-widget_type=\"spacer.default\">\n\t\t\t\t<div class=\"elementor-widget-container\">\n\t\t\t\t\t\t\t<div class=\"elementor-spacer\">\n\t\t\t<div class=\"elementor-spacer-inner\"><\/div>\n\t\t<\/div>\n\t\t\t\t\t\t<\/div>\n\t\t\t\t<\/div>\n\t\t\t\t<div class=\"elementor-element elementor-element-72f5f17 elementor-widget elementor-widget-toggle\" data-id=\"72f5f17\" data-element_type=\"widget\" data-e-type=\"widget\" data-widget_type=\"toggle.default\">\n\t\t\t\t<div class=\"elementor-widget-container\">\n\t\t\t\t\t\t\t<div class=\"elementor-toggle\">\n\t\t\t\t\t\t\t<div class=\"elementor-toggle-item\">\n\t\t\t\t\t<div id=\"elementor-tab-title-1201\" class=\"elementor-tab-title\" data-tab=\"1\" role=\"button\" aria-controls=\"elementor-tab-content-1201\" aria-expanded=\"false\">\n\t\t\t\t\t\t\t\t\t\t\t\t<span class=\"elementor-toggle-icon elementor-toggle-icon-left\" aria-hidden=\"true\">\n\t\t\t\t\t\t\t\t\t\t\t\t\t\t\t<i class=\"elementor-toggle-icon-closed fa fa-caret-right\"><\/i>\n\t\t\t\t\t\t\t\t<i class=\"elementor-toggle-icon-opened fa fa-caret-up\"><\/i>\n\t\t\t\t\t\t\t\t\t\t\t\t\t<\/span>\n\t\t\t\t\t\t\t\t\t\t\t\t<a class=\"elementor-toggle-title\" tabindex=\"0\">O Mega Moolah \u00e9 seguro?<\/a>\n\t\t\t\t\t<\/div>\n\n\t\t\t\t\t<div id=\"elementor-tab-content-1201\" class=\"elementor-tab-content elementor-clearfix\" data-tab=\"1\" role=\"region\" aria-labelledby=\"elementor-tab-title-1201\"><p>Sim. Mega Moolah foi desenvolvido pela Microgaming, uma das principais empresas do mundo em software de cassino online. A Microgaming faz parceria com sites de cassino regulamentados para oferecer o jogo. Voc\u00ea pode ver esses sites em nossas recomenda\u00e7\u00f5es.<\/p><\/div>\n\t\t\t\t<\/div>\n\t\t\t\t\t\t\t<div class=\"elementor-toggle-item\">\n\t\t\t\t\t<div id=\"elementor-tab-title-1202\" class=\"elementor-tab-title\" data-tab=\"2\" role=\"button\" aria-controls=\"elementor-tab-content-1202\" aria-expanded=\"false\">\n\t\t\t\t\t\t\t\t\t\t\t\t<span class=\"elementor-toggle-icon elementor-toggle-icon-left\" aria-hidden=\"true\">\n\t\t\t\t\t\t\t\t\t\t\t\t\t\t\t<i class=\"elementor-toggle-icon-closed fa fa-caret-right\"><\/i>\n\t\t\t\t\t\t\t\t<i class=\"elementor-toggle-icon-opened fa fa-caret-up\"><\/i>\n\t\t\t\t\t\t\t\t\t\t\t\t\t<\/span>\n\t\t\t\t\t\t\t\t\t\t\t\t<a class=\"elementor-toggle-title\" tabindex=\"0\">Os recursos do Mega Moolah s\u00e3o os mesmos em todas as plataformas?<\/a>\n\t\t\t\t\t<\/div>\n\n\t\t\t\t\t<div id=\"elementor-tab-content-1202\" class=\"elementor-tab-content elementor-clearfix\" data-tab=\"2\" role=\"region\" aria-labelledby=\"elementor-tab-title-1202\"><p>Sim! Quer voc\u00ea jogue em seu dispositivo m\u00f3vel ou computador dom\u00e9stico, e quer use a interface do navegador da web ou baixe o software, voc\u00ea est\u00e1 jogando o mesmo jogo fant\u00e1stico.<\/p><p>Existem alguns temas diferentes do Mega Moolah:<\/p><ul><li>Animais Africanos<\/li><li>Tema americano<\/li><li>Tema de ver\u00e3o<\/li><li>Tema Eg\u00edpcio<\/li><\/ul><p>O tema Animais Africanos \u00e9 de longe o mais popular. O jogo apresenta 5 rolos com 25 linhas de pagamento e 5 moedas por linha de pagamento. 125 \u00e9 o m\u00e1ximo de moedas. Os recursos incluem um s\u00edmbolo curinga, um s\u00edmbolo de gatilho de giro gr\u00e1tis, um s\u00edmbolo scatter e um s\u00edmbolo multiplicador. A rodada de b\u00f4nus assume a forma de um minijogo Roda da Fortuna com 15 rodadas gr\u00e1tis e um multiplicador de 3.<\/p><p>Embora o tamanho da moeda padr\u00e3o para Mega Moolah seja 0,05, voc\u00ea tamb\u00e9m pode escolher 0,01 ou 0,02. S\u00e3o permitidas at\u00e9 5 moedas, tornando a aposta m\u00e1xima poss\u00edvel 6,25. Certifique-se de ler a tabela de pagamentos detalhadamente antes de come\u00e7ar a jogar.<\/p><\/div>\n\t\t\t\t<\/div>\n\t\t\t\t\t\t\t<div class=\"elementor-toggle-item\">\n\t\t\t\t\t<div id=\"elementor-tab-title-1203\" class=\"elementor-tab-title\" data-tab=\"3\" role=\"button\" aria-controls=\"elementor-tab-content-1203\" aria-expanded=\"false\">\n\t\t\t\t\t\t\t\t\t\t\t\t<span class=\"elementor-toggle-icon elementor-toggle-icon-left\" aria-hidden=\"true\">\n\t\t\t\t\t\t\t\t\t\t\t\t\t\t\t<i class=\"elementor-toggle-icon-closed fa fa-caret-right\"><\/i>\n\t\t\t\t\t\t\t\t<i class=\"elementor-toggle-icon-opened fa fa-caret-up\"><\/i>\n\t\t\t\t\t\t\t\t\t\t\t\t\t<\/span>\n\t\t\t\t\t\t\t\t\t\t\t\t<a class=\"elementor-toggle-title\" tabindex=\"0\">Como come\u00e7o a jogar Mega Moolah?<\/a>\n\t\t\t\t\t<\/div>\n\n\t\t\t\t\t<div id=\"elementor-tab-content-1203\" class=\"elementor-tab-content elementor-clearfix\" data-tab=\"3\" role=\"region\" aria-labelledby=\"elementor-tab-title-1203\"><p>Voc\u00ea s\u00f3 precisa se registrar em um cassino online que oferece o jogo. Depois de se inscrever, voc\u00ea precisar\u00e1 fazer um dep\u00f3sito e ent\u00e3o poder\u00e1 come\u00e7ar a jogar. Para encontrar um cassino regulamentado e confi\u00e1vel para Mega Moolah, visite nossa p\u00e1gina de recomenda\u00e7\u00f5es.<\/p><\/div>\n\t\t\t\t<\/div>\n\t\t\t\t\t\t\t\t<\/div>\n\t\t\t\t\t\t<\/div>\n\t\t\t\t<\/div>\n\t\t\t\t\t<\/div>\n\t\t<\/div>\n\t\t\t\t\t<\/div>\n\t\t<\/section>\n\t\t\t\t<section class=\"elementor-section elementor-top-section elementor-element elementor-element-3c325763 elementor-section-stretched elementor-section-content-middle elementor-section-boxed elementor-section-height-default elementor-section-height-default\" data-id=\"3c325763\" data-element_type=\"section\" data-e-type=\"section\" data-settings=\"{&quot;stretch_section&quot;:&quot;section-stretched&quot;,&quot;background_background&quot;:&quot;gradient&quot;}\">\n\t\t\t\t\t\t<div class=\"elementor-container elementor-column-gap-default\">\n\t\t\t\t\t<div class=\"elementor-column elementor-col-50 elementor-top-column elementor-element elementor-element-297052e3\" data-id=\"297052e3\" data-element_type=\"column\" data-e-type=\"column\">\n\t\t\t<div class=\"elementor-widget-wrap elementor-element-populated\">\n\t\t\t\t\t\t<div class=\"elementor-element elementor-element-70daeb14 elementor-widget elementor-widget-heading\" data-id=\"70daeb14\" data-element_type=\"widget\" data-e-type=\"widget\" data-widget_type=\"heading.default\">\n\t\t\t\t<div class=\"elementor-widget-container\">\n\t\t\t\t\t<h2 class=\"elementor-heading-title elementor-size-default\">Mega Moolah<\/h2>\t\t\t\t<\/div>\n\t\t\t\t<\/div>\n\t\t\t\t\t<\/div>\n\t\t<\/div>\n\t\t\t\t<div class=\"elementor-column elementor-col-50 elementor-top-column elementor-element elementor-element-1461c9a9\" data-id=\"1461c9a9\" data-element_type=\"column\" data-e-type=\"column\">\n\t\t\t<div class=\"elementor-widget-wrap elementor-element-populated\">\n\t\t\t\t\t\t<div class=\"elementor-element elementor-element-199d54a4 elementor-align-center elementor-widget elementor-widget-button\" data-id=\"199d54a4\" data-element_type=\"widget\" data-e-type=\"widget\" data-widget_type=\"button.default\">\n\t\t\t\t<div class=\"elementor-widget-container\">\n\t\t\t\t\t\t\t\t\t<div class=\"elementor-button-wrapper\">\n\t\t\t\t\t<a class=\"elementor-button elementor-button-link elementor-size-md\" href=\"#\" target=\"_blank\">\n\t\t\t\t\t\t<span class=\"elementor-button-content-wrapper\">\n\t\t\t\t\t\t\t\t\t<span class=\"elementor-button-text\">Jogue agora !<\/span>\n\t\t\t\t\t<\/span>\n\t\t\t\t\t<\/a>\n\t\t\t\t<\/div>\n\t\t\t\t\t\t\t\t<\/div>\n\t\t\t\t<\/div>\n\t\t\t\t\t<\/div>\n\t\t<\/div>\n\t\t\t\t\t<\/div>\n\t\t<\/section>\n\t\t\t\t<\/div>","protected":false},"excerpt":{"rendered":"<p>Perguntas frequentes FAQ O Mega Moolah \u00e9 seguro? Sim. Mega\u2026<\/p>\n<p> <a class=\"more-link\" href=\"https:\/\/megamoolahslot.org\/pt-br\/perguntas-frequentes\">Leia mais<\/a><\/p>","protected":false},"author":1,"featured_media":0,"parent":0,"menu_order":0,"comment_status":"closed","ping_status":"closed","template":"","meta":{"_monsterinsights_skip_tracking":false,"_monsterinsights_sitenote_active":false,"_monsterinsights_sitenote_note":"","_monsterinsights_sitenote_category":0,"jetpack_post_was_ever_published":false,"footnotes":""},"class_list":["post-11605","page","type-page","status-publish"],"yoast_head":"<!-- This site is optimized with the Yoast SEO plugin v27.4 - https:\/\/yoast.com\/product\/yoast-seo-wordpress\/ -->\n<title>FAQ - Mega Moolah<\/title>\n<meta name=\"robots\" content=\"index, follow, max-snippet:-1, max-image-preview:large, max-video-preview:-1\" \/>\n<link rel=\"canonical\" href=\"https:\/\/megamoolahslot.org\/pt-br\/perguntas-frequentes\/\" \/>\n<meta property=\"og:locale\" content=\"pt_BR\" \/>\n<meta property=\"og:type\" content=\"article\" \/>\n<meta property=\"og:title\" content=\"FAQ - Mega Moolah\" \/>\n<meta property=\"og:description\" content=\"Frequently asked questions FAQ Is Mega Moolah Secure? Yes. Mega&hellip;  Leia mais\" \/>\n<meta property=\"og:url\" content=\"https:\/\/megamoolahslot.org\/pt-br\/perguntas-frequentes\/\" \/>\n<meta property=\"og:site_name\" content=\"Mega Moolah\" \/>\n<meta property=\"article:modified_time\" content=\"2018-10-26T17:09:58+00:00\" \/>\n<meta name=\"twitter:card\" content=\"summary_large_image\" \/>\n<meta name=\"twitter:label1\" content=\"Est. tempo de leitura\" \/>\n\t<meta name=\"twitter:data1\" content=\"1 minuto\" \/>\n<script type=\"application\/ld+json\" class=\"yoast-schema-graph\">{\"@context\":\"https:\\\/\\\/schema.org\",\"@graph\":[{\"@type\":\"WebPage\",\"@id\":\"https:\\\/\\\/megamoolahslot.org\\\/faq\",\"url\":\"https:\\\/\\\/megamoolahslot.org\\\/faq\",\"name\":\"FAQ - Mega Moolah\",\"isPartOf\":{\"@id\":\"https:\\\/\\\/megamoolahslot.org\\\/#website\"},\"datePublished\":\"2018-10-26T12:04:17+00:00\",\"dateModified\":\"2018-10-26T17:09:58+00:00\",\"breadcrumb\":{\"@id\":\"https:\\\/\\\/megamoolahslot.org\\\/faq#breadcrumb\"},\"inLanguage\":\"pt-BR\",\"potentialAction\":[{\"@type\":\"ReadAction\",\"target\":[\"https:\\\/\\\/megamoolahslot.org\\\/faq\"]}]},{\"@type\":\"BreadcrumbList\",\"@id\":\"https:\\\/\\\/megamoolahslot.org\\\/faq#breadcrumb\",\"itemListElement\":[{\"@type\":\"ListItem\",\"position\":1,\"name\":\"Home\",\"item\":\"https:\\\/\\\/megamoolahslot.org\\\/\"},{\"@type\":\"ListItem\",\"position\":2,\"name\":\"FAQ\"}]},{\"@type\":\"WebSite\",\"@id\":\"https:\\\/\\\/megamoolahslot.org\\\/#website\",\"url\":\"https:\\\/\\\/megamoolahslot.org\\\/\",\"name\":\"Mega Moolah\",\"description\":\"Mega Moolah Free Spins, Promotions &amp; News\",\"potentialAction\":[{\"@type\":\"SearchAction\",\"target\":{\"@type\":\"EntryPoint\",\"urlTemplate\":\"https:\\\/\\\/megamoolahslot.org\\\/?s={search_term_string}\"},\"query-input\":{\"@type\":\"PropertyValueSpecification\",\"valueRequired\":true,\"valueName\":\"search_term_string\"}}],\"inLanguage\":\"pt-BR\"}]}<\/script>\n<!-- \/ Yoast SEO plugin. -->","yoast_head_json":{"title":"FAQ - Mega Moolah","robots":{"index":"index","follow":"follow","max-snippet":"max-snippet:-1","max-image-preview":"max-image-preview:large","max-video-preview":"max-video-preview:-1"},"canonical":"https:\/\/megamoolahslot.org\/pt-br\/perguntas-frequentes\/","og_locale":"pt_BR","og_type":"article","og_title":"FAQ - Mega Moolah","og_description":"Frequently asked questions FAQ Is Mega Moolah Secure? Yes. Mega&hellip;  Leia mais","og_url":"https:\/\/megamoolahslot.org\/pt-br\/perguntas-frequentes\/","og_site_name":"Mega Moolah","article_modified_time":"2018-10-26T17:09:58+00:00","twitter_card":"summary_large_image","twitter_misc":{"Est. tempo de leitura":"1 minuto"},"schema":{"@context":"https:\/\/schema.org","@graph":[{"@type":"WebPage","@id":"https:\/\/megamoolahslot.org\/faq","url":"https:\/\/megamoolahslot.org\/faq","name":"FAQ - Mega Moolah","isPartOf":{"@id":"https:\/\/megamoolahslot.org\/#website"},"datePublished":"2018-10-26T12:04:17+00:00","dateModified":"2018-10-26T17:09:58+00:00","breadcrumb":{"@id":"https:\/\/megamoolahslot.org\/faq#breadcrumb"},"inLanguage":"pt-BR","potentialAction":[{"@type":"ReadAction","target":["https:\/\/megamoolahslot.org\/faq"]}]},{"@type":"BreadcrumbList","@id":"https:\/\/megamoolahslot.org\/faq#breadcrumb","itemListElement":[{"@type":"ListItem","position":1,"name":"Home","item":"https:\/\/megamoolahslot.org\/"},{"@type":"ListItem","position":2,"name":"FAQ"}]},{"@type":"WebSite","@id":"https:\/\/megamoolahslot.org\/#website","url":"https:\/\/megamoolahslot.org\/","name":"Mega Moolah","description":"Mega Moolah Free Spins, Promotions &amp; News","potentialAction":[{"@type":"SearchAction","target":{"@type":"EntryPoint","urlTemplate":"https:\/\/megamoolahslot.org\/?s={search_term_string}"},"query-input":{"@type":"PropertyValueSpecification","valueRequired":true,"valueName":"search_term_string"}}],"inLanguage":"pt-BR"}]}},"jetpack_sharing_enabled":true,"jetpack_shortlink":"https:\/\/wp.me\/Pap2c6-31b","_links":{"self":[{"href":"https:\/\/megamoolahslot.org\/pt-br\/wp-json\/wp\/v2\/pages\/11605","targetHints":{"allow":["GET"]}}],"collection":[{"href":"https:\/\/megamoolahslot.org\/pt-br\/wp-json\/wp\/v2\/pages"}],"about":[{"href":"https:\/\/megamoolahslot.org\/pt-br\/wp-json\/wp\/v2\/types\/page"}],"author":[{"embeddable":true,"href":"https:\/\/megamoolahslot.org\/pt-br\/wp-json\/wp\/v2\/users\/1"}],"replies":[{"embeddable":true,"href":"https:\/\/megamoolahslot.org\/pt-br\/wp-json\/wp\/v2\/comments?post=11605"}],"version-history":[{"count":4,"href":"https:\/\/megamoolahslot.org\/pt-br\/wp-json\/wp\/v2\/pages\/11605\/revisions"}],"predecessor-version":[{"id":11648,"href":"https:\/\/megamoolahslot.org\/pt-br\/wp-json\/wp\/v2\/pages\/11605\/revisions\/11648"}],"wp:attachment":[{"href":"https:\/\/megamoolahslot.org\/pt-br\/wp-json\/wp\/v2\/media?parent=11605"}],"curies":[{"name":"wp","href":"https:\/\/api.w.org\/{rel}","templated":true}]}}